{"id":2003,"date":"2022-03-07T02:20:08","date_gmt":"2022-03-07T05:20:08","guid":{"rendered":"https:\/\/www.abn.adv.br\/noticiasjuridicas\/?page_id=2003"},"modified":"2022-03-07T02:20:10","modified_gmt":"2022-03-07T05:20:10","slug":"advogado-trabalhista","status":"publish","type":"page","link":"https:\/\/www.abn.adv.br\/noticiasjuridicas\/advogado-trabalhista\/","title":{"rendered":"Advogado Trabalhista"},"content":{"rendered":"\n<p>Estamos preparados para oferecer a nossos clientes solu\u00e7\u00f5es legais e procedimentais, de forma r\u00e1pida e eficaz, especificamente como segue:<\/p>\n\n\n\n<p>RECLAMA\u00c7\u00d5ES TRABALHISTAS:<br>PEDIDO DE HOMOLOGA\u00c7\u00c3O JUDICIAL DE DEMISS\u00c3O DE EMPREGADO:<br>INQU\u00c9RITO PARA DEMISS\u00c3O DE EMPREGADO:<br>FORMULA\u00c7\u00c3O DE ACORDOS:<br>CONVEN\u00c7\u00d5ES COLETIVAS DE TRABALHO<br>DISS\u00cdDIOS:<\/p>\n","protected":false},"excerpt":{"rendered":"<p>Estamos preparados para oferecer a nossos clientes solu\u00e7\u00f5es legais e procedimentais, de forma r\u00e1pida e eficaz, especificamente como segue: RECLAMA\u00c7\u00d5ES TRABALHISTAS:PEDIDO DE HOMOLOGA\u00c7\u00c3O JUDICIAL DE DEMISS\u00c3O DE EMPREGADO:INQU\u00c9RITO PARA DEMISS\u00c3O DE EMPREGADO:FORMULA\u00c7\u00c3O DE ACORDOS:CONVEN\u00c7\u00d5ES COLETIVAS DE TRABALHODISS\u00cdDIOS:<\/p>\n","protected":false},"author":2,"featured_media":2004,"parent":0,"menu_order":0,"comment_status":"closed","ping_status":"closed","template":"","meta":{"_joinchat":[],"footnotes":""},"class_list":["post-2003","page","type-page","status-publish","has-post-thumbnail","hentry"],"_links":{"self":[{"href":"https:\/\/www.abn.adv.br\/noticiasjuridicas\/wp-json\/wp\/v2\/pages\/2003","targetHints":{"allow":["GET"]}}],"collection":[{"href":"https:\/\/www.abn.adv.br\/noticiasjuridicas\/wp-json\/wp\/v2\/pages"}],"about":[{"href":"https:\/\/www.abn.adv.br\/noticiasjuridicas\/wp-json\/wp\/v2\/types\/page"}],"author":[{"embeddable":true,"href":"https:\/\/www.abn.adv.br\/noticiasjuridicas\/wp-json\/wp\/v2\/users\/2"}],"replies":[{"embeddable":true,"href":"https:\/\/www.abn.adv.br\/noticiasjuridicas\/wp-json\/wp\/v2\/comments?post=2003"}],"version-history":[{"count":1,"href":"https:\/\/www.abn.adv.br\/noticiasjuridicas\/wp-json\/wp\/v2\/pages\/2003\/revisions"}],"predecessor-version":[{"id":2005,"href":"https:\/\/www.abn.adv.br\/noticiasjuridicas\/wp-json\/wp\/v2\/pages\/2003\/revisions\/2005"}],"wp:featuredmedia":[{"embeddable":true,"href":"https:\/\/www.abn.adv.br\/noticiasjuridicas\/wp-json\/wp\/v2\/media\/2004"}],"wp:attachment":[{"href":"https:\/\/www.abn.adv.br\/noticiasjuridicas\/wp-json\/wp\/v2\/media?parent=2003"}],"curies":[{"name":"wp","href":"https:\/\/api.w.org\/{rel}","templated":true}]}}