{"id":2000,"date":"2022-03-07T02:13:27","date_gmt":"2022-03-07T05:13:27","guid":{"rendered":"https:\/\/www.abn.adv.br\/noticiasjuridicas\/?page_id=2000"},"modified":"2022-03-07T02:13:29","modified_gmt":"2022-03-07T05:13:29","slug":"advogado-empresarial","status":"publish","type":"page","link":"https:\/\/www.abn.adv.br\/noticiasjuridicas\/advogado-empresarial\/","title":{"rendered":"Advogado Empresarial"},"content":{"rendered":"\n<p>Estamos preparados para oferecer a nossos clientes solu\u00e7\u00f5es legais e procedimentais, de forma r\u00e1pida e eficaz, especificamente como segue:<\/p>\n\n\n\n<p>Elabora\u00e7\u00e3o de Contrato Social,<br>Constitui\u00e7\u00e3o e Legaliza\u00e7\u00e3o de Sociedade Empres\u00e1ria,<br>Encerramento,<br>Auto-fal\u00eancia,<br>Recupera\u00e7\u00e3o Judicial,<br>Elabora\u00e7\u00e3o de Ata,<br>Estatuto,<br>Parecer em contrato e neg\u00f3cios em geral,<br>Acompanhamento de Reuni\u00f5es,<br>A\u00e7\u00e3o Monit\u00f3ria,<br>Susta\u00e7\u00e3o de protesto,<br>Cobran\u00e7a Judicial,<br>Cobran\u00e7a Extrajudicial,<br>Cautelares nominadas, Cautelares inominadas,<br>Mandato de Seguran\u00e7a<\/p>\n","protected":false},"excerpt":{"rendered":"<p>Estamos preparados para oferecer a nossos clientes solu\u00e7\u00f5es legais e procedimentais, de forma r\u00e1pida e eficaz, especificamente como segue: Elabora\u00e7\u00e3o de Contrato Social,Constitui\u00e7\u00e3o e Legaliza\u00e7\u00e3o de Sociedade Empres\u00e1ria,Encerramento,Auto-fal\u00eancia,Recupera\u00e7\u00e3o Judicial,Elabora\u00e7\u00e3o de Ata,Estatuto,Parecer em contrato e neg\u00f3cios em geral,Acompanhamento de Reuni\u00f5es,A\u00e7\u00e3o Monit\u00f3ria,Susta\u00e7\u00e3o de protesto,Cobran\u00e7a Judicial,Cobran\u00e7a Extrajudicial,Cautelares nominadas, Cautelares inominadas,Mandato de Seguran\u00e7a<\/p>\n","protected":false},"author":2,"featured_media":1160,"parent":0,"menu_order":0,"comment_status":"closed","ping_status":"closed","template":"","meta":{"_joinchat":[],"footnotes":""},"class_list":["post-2000","page","type-page","status-publish","has-post-thumbnail","hentry"],"_links":{"self":[{"href":"https:\/\/www.abn.adv.br\/noticiasjuridicas\/wp-json\/wp\/v2\/pages\/2000","targetHints":{"allow":["GET"]}}],"collection":[{"href":"https:\/\/www.abn.adv.br\/noticiasjuridicas\/wp-json\/wp\/v2\/pages"}],"about":[{"href":"https:\/\/www.abn.adv.br\/noticiasjuridicas\/wp-json\/wp\/v2\/types\/page"}],"author":[{"embeddable":true,"href":"https:\/\/www.abn.adv.br\/noticiasjuridicas\/wp-json\/wp\/v2\/users\/2"}],"replies":[{"embeddable":true,"href":"https:\/\/www.abn.adv.br\/noticiasjuridicas\/wp-json\/wp\/v2\/comments?post=2000"}],"version-history":[{"count":1,"href":"https:\/\/www.abn.adv.br\/noticiasjuridicas\/wp-json\/wp\/v2\/pages\/2000\/revisions"}],"predecessor-version":[{"id":2001,"href":"https:\/\/www.abn.adv.br\/noticiasjuridicas\/wp-json\/wp\/v2\/pages\/2000\/revisions\/2001"}],"wp:featuredmedia":[{"embeddable":true,"href":"https:\/\/www.abn.adv.br\/noticiasjuridicas\/wp-json\/wp\/v2\/media\/1160"}],"wp:attachment":[{"href":"https:\/\/www.abn.adv.br\/noticiasjuridicas\/wp-json\/wp\/v2\/media?parent=2000"}],"curies":[{"name":"wp","href":"https:\/\/api.w.org\/{rel}","templated":true}]}}