{"id":1993,"date":"2022-03-07T01:57:17","date_gmt":"2022-03-07T04:57:17","guid":{"rendered":"https:\/\/www.abn.adv.br\/noticiasjuridicas\/?page_id=1993"},"modified":"2022-03-07T02:03:13","modified_gmt":"2022-03-07T05:03:13","slug":"advogado-de-familia","status":"publish","type":"page","link":"https:\/\/www.abn.adv.br\/noticiasjuridicas\/advogado-de-familia\/","title":{"rendered":"Advogado de Fam\u00edlia"},"content":{"rendered":"\n<pre class=\"wp-block-code\"><code>  Nossa equipe de Advogados Especialistas em Direito de Fam\u00edlia est\u00e1 preparada para oferecer a nossos clientes no direito de fam\u00edlia e sucess\u00f5es, solu\u00e7\u00f5es legais e procedimentais, de forma r\u00e1pida e eficaz, contencioso e consultivo.\n\n   Al\u00e9m de contar com advogados p\u00f3s-graduados, temos especialistas, isso traz extrema confian\u00e7a no que tange o direito de fam\u00edlia.\n\n   Ao longo dos anos, diversos foram os casos familiares que lidamos, fato que a cada dia torna nossos Advogados de fam\u00edlia, n\u00e3o s\u00f3 amigos, mas pessoas que realmente sentiram a experi\u00eancia de lidar com um Advogado verdadeiramente atuante no direito de fam\u00edlia.\n\n   Em tempo e sem redund\u00e2ncia, nossos advogados de fam\u00edlia, com muito orgulho, exalta a Doutora Myrthes Gomes de Campos, primeira mulher Advogada a se filiar na Ordem dos Advogados do Brasil, com muita relut\u00e2ncia por parte dos Viris Homens Advogados daquela \u00e9poca.\n\n   Lembrando com Orgulho da Advogada Myrthes Gomes de Campos, pois, com a bravura desta ilustre doutora Advogada, muitos direitos foram conquistados. Infelizmente vivemos em um mundo patriarcal, onde, por mil\u00eanios, a mulher em si foi subjugada.\n\n   Na milit\u00e2ncia do direito familiar, ainda encontramos muitos casos, de subjulgamento das mulheres, o Direito de Fam\u00edlia, ou simplesmente a Advocacia familiar, foi o primeiro ramo a evoluir trazendo par\u00e2metros e especificidade na atua\u00e7\u00e3o do advogado de fam\u00edlia, pois desde a ascens\u00e3o feminina, bem como os demais g\u00eaneros, temos hoje uma multiparentalidade a ser enfrentada.<\/code><\/pre>\n\n\n\n<h2 class=\"wp-block-heading\">\u00c1reas de atua\u00e7\u00e3o do advogado especialista em direito de fam\u00edlia<\/h2>\n\n\n\n<p>A\u00e7\u00e3o de alimentos;<br>A\u00e7\u00e3o de interdi\u00e7\u00e3o e Curatela;<br>Ado\u00e7\u00e3o;<br>Aliena\u00e7\u00e3o, arrendamento ou onera\u00e7\u00e3o de bens dotais;<br>Anula\u00e7\u00e3o de casamento;<br>Anula\u00e7\u00e3o de testamento;<br>Contrato pr\u00e9-nupcial;<br>Div\u00f3rcio consensual em cart\u00f3rio;<br>Div\u00f3rcio consensual judicial (Filhos menores ou incapazes);<br>Div\u00f3rcio Direto pela Emenda Constitucional 66;<br>Div\u00f3rcio litigioso;<br>Emancipa\u00e7\u00e3o ou suprimento;<br>Extin\u00e7\u00e3o de usufruto ou fideicomisso;<br>Habilita\u00e7\u00e3o de cr\u00e9dito em invent\u00e1rio ou arrolamento;<br>Invent\u00e1rios e arrolamentos;<br>Investiga\u00e7\u00e3o de paternidade;<br>Outorga judicial de consentimento;<br>Testamentos e codicilos;<br>Pedido de alvar\u00e1, of\u00edcios ou expedi\u00e7\u00e3o de mandado;<br>Regulamenta\u00e7\u00e3o de guarda de fato;<br>Regulamenta\u00e7\u00e3o de visitas, tutela ou curatela;<br>Revisional de Alimentos;<br>Sub-roga\u00e7\u00e3o de v\u00ednculo ou levantamento de cl\u00e1usula restritiva;<\/p>\n","protected":false},"excerpt":{"rendered":"<p>\u00c1reas de atua\u00e7\u00e3o do advogado especialista em direito de fam\u00edlia A\u00e7\u00e3o de alimentos;A\u00e7\u00e3o de interdi\u00e7\u00e3o e Curatela;Ado\u00e7\u00e3o;Aliena\u00e7\u00e3o, arrendamento ou onera\u00e7\u00e3o de bens dotais;Anula\u00e7\u00e3o de casamento;Anula\u00e7\u00e3o de testamento;Contrato pr\u00e9-nupcial;Div\u00f3rcio consensual em cart\u00f3rio;Div\u00f3rcio consensual judicial (Filhos menores ou incapazes);Div\u00f3rcio Direto pela Emenda Constitucional 66;Div\u00f3rcio litigioso;Emancipa\u00e7\u00e3o ou suprimento;Extin\u00e7\u00e3o de usufruto ou fideicomisso;Habilita\u00e7\u00e3o de cr\u00e9dito em invent\u00e1rio ou arrolamento;Invent\u00e1rios &hellip; <a href=\"https:\/\/www.abn.adv.br\/noticiasjuridicas\/advogado-de-familia\/\" class=\"more-link\">Continue lendo <span class=\"screen-reader-text\">Advogado de Fam\u00edlia<\/span> <span class=\"meta-nav\">&rarr;<\/span><\/a><\/p>\n","protected":false},"author":2,"featured_media":1245,"parent":0,"menu_order":2,"comment_status":"closed","ping_status":"closed","template":"","meta":{"_joinchat":[],"footnotes":""},"class_list":["post-1993","page","type-page","status-publish","has-post-thumbnail","hentry"],"_links":{"self":[{"href":"https:\/\/www.abn.adv.br\/noticiasjuridicas\/wp-json\/wp\/v2\/pages\/1993","targetHints":{"allow":["GET"]}}],"collection":[{"href":"https:\/\/www.abn.adv.br\/noticiasjuridicas\/wp-json\/wp\/v2\/pages"}],"about":[{"href":"https:\/\/www.abn.adv.br\/noticiasjuridicas\/wp-json\/wp\/v2\/types\/page"}],"author":[{"embeddable":true,"href":"https:\/\/www.abn.adv.br\/noticiasjuridicas\/wp-json\/wp\/v2\/users\/2"}],"replies":[{"embeddable":true,"href":"https:\/\/www.abn.adv.br\/noticiasjuridicas\/wp-json\/wp\/v2\/comments?post=1993"}],"version-history":[{"count":1,"href":"https:\/\/www.abn.adv.br\/noticiasjuridicas\/wp-json\/wp\/v2\/pages\/1993\/revisions"}],"predecessor-version":[{"id":1994,"href":"https:\/\/www.abn.adv.br\/noticiasjuridicas\/wp-json\/wp\/v2\/pages\/1993\/revisions\/1994"}],"wp:featuredmedia":[{"embeddable":true,"href":"https:\/\/www.abn.adv.br\/noticiasjuridicas\/wp-json\/wp\/v2\/media\/1245"}],"wp:attachment":[{"href":"https:\/\/www.abn.adv.br\/noticiasjuridicas\/wp-json\/wp\/v2\/media?parent=1993"}],"curies":[{"name":"wp","href":"https:\/\/api.w.org\/{rel}","templated":true}]}}