{"id":1940,"date":"2022-01-26T13:33:20","date_gmt":"2022-01-26T16:33:20","guid":{"rendered":"https:\/\/www.abn.adv.br\/noticiasjuridicas\/?page_id=1940"},"modified":"2022-01-26T15:56:00","modified_gmt":"2022-01-26T18:56:00","slug":"equipe","status":"publish","type":"page","link":"https:\/\/www.abn.adv.br\/noticiasjuridicas\/equipe\/","title":{"rendered":"Equipe"},"content":{"rendered":"\n<p><strong>Conhe\u00e7a nossa Equipe de Advogados<\/strong><\/p>\n\n\n\n<p>DR. ANDRE BATISTA DO NASCIMENTO<\/p>\n\n\n\n<div class=\"wp-block-image\"><figure class=\"aligncenter size-large\"><img loading=\"lazy\" decoding=\"async\" width=\"1024\" height=\"576\" src=\"https:\/\/www.abn.adv.br\/noticiasjuridicas\/wp-content\/uploads\/2022\/01\/IMG_20210702_170109155-1024x576.jpg\" alt=\"\" class=\"wp-image-1941\" srcset=\"https:\/\/www.abn.adv.br\/noticiasjuridicas\/wp-content\/uploads\/2022\/01\/IMG_20210702_170109155-1024x576.jpg 1024w, https:\/\/www.abn.adv.br\/noticiasjuridicas\/wp-content\/uploads\/2022\/01\/IMG_20210702_170109155-300x169.jpg 300w, https:\/\/www.abn.adv.br\/noticiasjuridicas\/wp-content\/uploads\/2022\/01\/IMG_20210702_170109155-768x432.jpg 768w, https:\/\/www.abn.adv.br\/noticiasjuridicas\/wp-content\/uploads\/2022\/01\/IMG_20210702_170109155-1536x864.jpg 1536w\" sizes=\"auto, (max-width: 1024px) 100vw, 1024px\" \/><\/figure><\/div>\n\n\n\n<p>S\u00f3cio fundador do Escrit\u00f3rio ABN ADVOCACIA, Advogado, graduado em 2008, pela UNIVERSIDADE PAULISTA &#8211; UNIP.<\/p>\n\n\n\n<p>&nbsp;P\u00f3s graduado em Direito Civil, Direito de Fam\u00edlia e Sucess\u00f5es e Processo Civil.<\/p>\n\n\n\n<p>Participou dos debates sobre o novo c\u00f3digo de processo civil na Escola Superior de Advocacia &#8211; EPD, com a participa\u00e7\u00e3o dos Ministros do Superior Tributal Federal &#8211; STF, Doutor Dias T\u00f3ffoli, Doutor Luiz Fux e Doutor Gilmar Mendes,<\/p>\n\n\n\n<p>Militante na Capital do Estado de S\u00e3o Paulo, atuante em direito civil, fam\u00edlia e sucess\u00f5es, direito eletr\u00f4nico, empresarial, imobili\u00e1rio e trabalhista.<\/p>\n\n\n\n<p>Teve suas primeiras experi\u00eancias profissionais nos setores de automa\u00e7\u00e3o. Fundou sua primeira empresa aos 20 anos de idade, desde ent\u00e3o participa de cursos e treinamentos para aperfei\u00e7oar sua capacidade negocial.<\/p>\n\n\n\n<p>Hoje conta com mais de 22 anos de experi\u00eancia como empreendedor e 19 anos desde o in\u00edcio dos estudos para trilhar a carreira jur\u00eddica,<\/p>\n\n\n\n<p><strong>ANT\u00d4NIO DA SILVA<\/strong><\/p>\n\n\n\n<div class=\"wp-block-image\"><figure class=\"aligncenter size-full is-resized\"><img loading=\"lazy\" decoding=\"async\" src=\"https:\/\/www.abn.adv.br\/noticiasjuridicas\/wp-content\/uploads\/2022\/01\/DrAntoniodaSilva.jpg\" alt=\"\" class=\"wp-image-1943\" width=\"491\" height=\"449\" srcset=\"https:\/\/www.abn.adv.br\/noticiasjuridicas\/wp-content\/uploads\/2022\/01\/DrAntoniodaSilva.jpg 643w, https:\/\/www.abn.adv.br\/noticiasjuridicas\/wp-content\/uploads\/2022\/01\/DrAntoniodaSilva-300x275.jpg 300w\" sizes=\"auto, (max-width: 491px) 100vw, 491px\" \/><\/figure><\/div>\n\n\n\n<p>Advogado e Consultor Jur\u00eddico, principal banca onde atuou: OMB \u2013 Advogados, graduado em 2012 pela Faculdades Metropolitanas Unidas \u2013 FMU, p\u00f3s graduado em Direito Civil e Processo Civil, iniciou a carreira jur\u00eddica em 2013, atuando nas \u00e1reas do Direito Civil, Penal, Penal Econ\u00f4mico, Trabalhista e Empresarial, prestando inclusive assessoria jur\u00eddica e Compliance para institui\u00e7\u00f5es Financeiras.<\/p>\n\n\n\n<p>\u00a0Membro das Comiss\u00f5es de Direito de Fam\u00edlia, Direito Civil, Processo Civil, Compliance, Direito Empresarial e Coaching da OAB\/SP.<\/p>\n","protected":false},"excerpt":{"rendered":"<p>Conhe\u00e7a nossa Equipe de Advogados DR. ANDRE BATISTA DO NASCIMENTO S\u00f3cio fundador do Escrit\u00f3rio ABN ADVOCACIA, Advogado, graduado em 2008, pela UNIVERSIDADE PAULISTA &#8211; UNIP. &nbsp;P\u00f3s graduado em Direito Civil, Direito de Fam\u00edlia e Sucess\u00f5es e Processo Civil. Participou dos debates sobre o novo c\u00f3digo de processo civil na Escola Superior de Advocacia &#8211; EPD, &hellip; <a href=\"https:\/\/www.abn.adv.br\/noticiasjuridicas\/equipe\/\" class=\"more-link\">Continue lendo <span class=\"screen-reader-text\">Equipe<\/span> <span class=\"meta-nav\">&rarr;<\/span><\/a><\/p>\n","protected":false},"author":1,"featured_media":0,"parent":0,"menu_order":0,"comment_status":"closed","ping_status":"closed","template":"","meta":{"_joinchat":[],"footnotes":""},"class_list":["post-1940","page","type-page","status-publish","hentry"],"_links":{"self":[{"href":"https:\/\/www.abn.adv.br\/noticiasjuridicas\/wp-json\/wp\/v2\/pages\/1940","targetHints":{"allow":["GET"]}}],"collection":[{"href":"https:\/\/www.abn.adv.br\/noticiasjuridicas\/wp-json\/wp\/v2\/pages"}],"about":[{"href":"https:\/\/www.abn.adv.br\/noticiasjuridicas\/wp-json\/wp\/v2\/types\/page"}],"author":[{"embeddable":true,"href":"https:\/\/www.abn.adv.br\/noticiasjuridicas\/wp-json\/wp\/v2\/users\/1"}],"replies":[{"embeddable":true,"href":"https:\/\/www.abn.adv.br\/noticiasjuridicas\/wp-json\/wp\/v2\/comments?post=1940"}],"version-history":[{"count":2,"href":"https:\/\/www.abn.adv.br\/noticiasjuridicas\/wp-json\/wp\/v2\/pages\/1940\/revisions"}],"predecessor-version":[{"id":1945,"href":"https:\/\/www.abn.adv.br\/noticiasjuridicas\/wp-json\/wp\/v2\/pages\/1940\/revisions\/1945"}],"wp:attachment":[{"href":"https:\/\/www.abn.adv.br\/noticiasjuridicas\/wp-json\/wp\/v2\/media?parent=1940"}],"curies":[{"name":"wp","href":"https:\/\/api.w.org\/{rel}","templated":true}]}}