{"id":1934,"date":"2022-01-25T20:04:20","date_gmt":"2022-01-25T23:04:20","guid":{"rendered":"https:\/\/www.abn.adv.br\/noticiasjuridicas\/?page_id=1934"},"modified":"2022-03-07T02:35:46","modified_gmt":"2022-03-07T05:35:46","slug":"areas-de-atuacao","status":"publish","type":"page","link":"https:\/\/www.abn.adv.br\/noticiasjuridicas\/areas-de-atuacao\/","title":{"rendered":"\u00c1reas de atua\u00e7\u00e3o"},"content":{"rendered":"\n<p><strong><a href=\"https:\/\/www.abn.adv.br\/noticiasjuridicas\/advogado-civil\/\" data-type=\"page\" data-id=\"1929\">Advogado Civil<\/a><\/strong><\/p>\n\n\n\n<p><a href=\"https:\/\/www.abn.adv.br\/noticiasjuridicas\/advogado-empresarial\/\" data-type=\"page\" data-id=\"2000\"><strong>Advogado Empresarial<\/strong><\/a><\/p>\n\n\n\n<p><a href=\"https:\/\/www.abn.adv.br\/noticiasjuridicas\/advogado-de-familia\/\" data-type=\"page\" data-id=\"1993\"><strong>Advogado de Fam\u00edlia<\/strong><\/a><\/p>\n\n\n\n<p><a href=\"https:\/\/www.abn.adv.br\/noticiasjuridicas\/advogado-imobiliario\/\" data-type=\"page\" data-id=\"1997\"><strong>Advogado Imobili\u00e1rio<\/strong><\/a><\/p>\n\n\n\n<p><a href=\"https:\/\/www.abn.adv.br\/noticiasjuridicas\/advogado-trabalhista\/\" data-type=\"page\" data-id=\"2003\"><strong>Advogado Trabalhista<\/strong><\/a><\/p>\n","protected":false},"excerpt":{"rendered":"<p>Advogado Civil Advogado Empresarial Advogado de Fam\u00edlia Advogado Imobili\u00e1rio Advogado Trabalhista<\/p>\n","protected":false},"author":2,"featured_media":1343,"parent":0,"menu_order":0,"comment_status":"closed","ping_status":"closed","template":"","meta":{"_joinchat":[],"footnotes":""},"class_list":["post-1934","page","type-page","status-publish","has-post-thumbnail","hentry"],"_links":{"self":[{"href":"https:\/\/www.abn.adv.br\/noticiasjuridicas\/wp-json\/wp\/v2\/pages\/1934","targetHints":{"allow":["GET"]}}],"collection":[{"href":"https:\/\/www.abn.adv.br\/noticiasjuridicas\/wp-json\/wp\/v2\/pages"}],"about":[{"href":"https:\/\/www.abn.adv.br\/noticiasjuridicas\/wp-json\/wp\/v2\/types\/page"}],"author":[{"embeddable":true,"href":"https:\/\/www.abn.adv.br\/noticiasjuridicas\/wp-json\/wp\/v2\/users\/2"}],"replies":[{"embeddable":true,"href":"https:\/\/www.abn.adv.br\/noticiasjuridicas\/wp-json\/wp\/v2\/comments?post=1934"}],"version-history":[{"count":5,"href":"https:\/\/www.abn.adv.br\/noticiasjuridicas\/wp-json\/wp\/v2\/pages\/1934\/revisions"}],"predecessor-version":[{"id":2012,"href":"https:\/\/www.abn.adv.br\/noticiasjuridicas\/wp-json\/wp\/v2\/pages\/1934\/revisions\/2012"}],"wp:featuredmedia":[{"embeddable":true,"href":"https:\/\/www.abn.adv.br\/noticiasjuridicas\/wp-json\/wp\/v2\/media\/1343"}],"wp:attachment":[{"href":"https:\/\/www.abn.adv.br\/noticiasjuridicas\/wp-json\/wp\/v2\/media?parent=1934"}],"curies":[{"name":"wp","href":"https:\/\/api.w.org\/{rel}","templated":true}]}}