{"id":1929,"date":"2022-01-25T19:31:07","date_gmt":"2022-01-25T22:31:07","guid":{"rendered":"https:\/\/www.abn.adv.br\/noticiasjuridicas\/?page_id=1929"},"modified":"2022-01-25T19:34:19","modified_gmt":"2022-01-25T22:34:19","slug":"advogado-civil","status":"publish","type":"page","link":"https:\/\/www.abn.adv.br\/noticiasjuridicas\/advogado-civil\/","title":{"rendered":"Advogado Civil"},"content":{"rendered":"\n<p>Miss\u00e3o do Advogado Civil<\/p>\n\n\n\n<p>&nbsp;&nbsp;&nbsp;&nbsp;&nbsp;&nbsp; O&nbsp;<strong>Advogado Civil<\/strong>&nbsp;\u00e9 o respons\u00e1vel por atuar nas rela\u00e7\u00f5es entre os particulares e\/ou Estado que se encontram em situa\u00e7\u00e3o de desequil\u00edbrio de condi\u00e7\u00f5es, ou seja, Um&nbsp;<strong>Advogado Civil<\/strong>&nbsp;atua para defender os direitos civis de seus clientes.<\/p>\n\n\n\n<p>&nbsp;&nbsp;&nbsp;&nbsp;&nbsp;&nbsp;As principais responsabilidades de um Advogado Civil s\u00e3o os de prestar consultoria jur\u00eddica, verificando neg\u00f3cios importantes sob o aspecto legal, prevenindo eventuais lit\u00edgios, trabalhando de forma, consultiva, preventiva na solu\u00e7\u00e3o de conflitos relacionados \u00e0 pessoa natural, \u00e0 fam\u00edlia, aos bens e \u00e0 sua forma de aquisi\u00e7\u00e3o, \u00e0 sucess\u00e3o, ao cumprimento de obriga\u00e7\u00f5es e aos contratos, trabalha tamb\u00e9m com o direito empresarial, pois este, \u00e9 compreendido dentro do C\u00f3digo Civil e em outras leis espec\u00edficas. O bom desempenho do&nbsp;<strong>Advogado Civil<\/strong>&nbsp;depende do senso cr\u00edtico e senso de \u00e9tica.<\/p>\n\n\n\n<p>\u00c1reas de Atua\u00e7\u00e3o do Advogado Civil:<\/p>\n\n\n\n<p>A\u00e7\u00e3o de Adjudica\u00e7\u00e3o Compuls\u00f3ria;<br>A\u00e7\u00e3o de Busca e Apreens\u00e3o em Aliena\u00e7\u00e3o Fiduci\u00e1ria;<br>A\u00e7\u00e3o Declarat\u00f3ria de Nulidade de Neg\u00f3cio Jur\u00eddico,<br>A\u00e7\u00e3o de Divis\u00e3o,<br>A\u00e7\u00e3o Estimat\u00f3ria ou Quanti Minoris,<br>A\u00e7\u00e3o Ex Empto ou Ex Vendito,<br>A\u00e7\u00e3o de Dano Infecto,<br>A\u00e7\u00e3o de Execu\u00e7\u00e3o contra Devedor vivente (T\u00edtulo Extrajudicial),<br>A\u00e7\u00e2o de Extin\u00e7\u00e3o de Condom\u00ednio,<br>A\u00e7\u00e3o de Homologa\u00e7\u00e3o de Acordo,<br>A\u00e7\u00e3o de Indeni\/.a\u00e7\u00e3o por Perdas e Danos,<br>A\u00e7\u00e3o de Interdito Proibit\u00f3rio cc. Cominat\u00f3ria,<br>A\u00e7\u00e3o Monitoria,<br>A\u00e7\u00e3o de Notifica\u00e7\u00e3o Judicial,<br>A\u00e7\u00e3o Reivindicat\u00f3ria,<br>A\u00e7\u00e3o de Rescis\u00e3o Contratual,<br>A\u00e7\u00e3o de Retifica\u00e7\u00e3o de Registro P\u00fablico,<br>A\u00e7\u00e3o de Obriga\u00e7\u00e3o de Fazer cc. Cominat\u00f3ria,<br>A\u00e7\u00e3o Pauliana ou Revocatoria,<br>A\u00e7\u00e3o de Presta\u00e7\u00e3o de Contas,<br>A\u00e7\u00e3o Redibit\u00f3ria,<br>A\u00e7\u00e3o de Indeniza\u00e7\u00e3o;<br>A\u00e7\u00e3o de Responsabilidade Civil;<br>A\u00e7\u00e3o Monit\u00f3ria<br>A\u00e7\u00e3o Ordin\u00e1ria de despejo;<br>A\u00e7\u00e3o renovat\u00f3ria de contrato de loca\u00e7\u00e3o;<br>Cobran\u00e7a em Geral ;<br>Contratos;<br>Danos materiais;<br>Danos morais;<br>Direito do Consumidor;<br>Interdito proibit\u00f3rio;<br>Medida Cautelar de Arrolamento de Bens;<\/p>\n\n\n\n<table>\n        <tr>\n          <td><br>\n            <b>CONTATO \n            <\/b><br> <b>contato@abn.adv.br<\/b>\n     <br>       <b>Telefones:<br>\n              11 2712-3594 <br>\n              11 94100-2385 <br>\n              \n\n<a href=\"http:\/\/www.abn.adv.br\/consulta.php?telefone=5511941002385\" target=\"_blanck\" rel=\"noopener\"><img decoding=\"async\" src=\"https:\/\/www.abn.adv.br\/WATSAPP.gif\"><br>WhatsApp<br>Atendimento<\/a>\n                <\/b>\n\t\t\t\t\t\t\t<\/td>\n\t\t\t\t\t\t\t<\/tr>\n\t\t\t\t\t\t<\/table>\n\n\n\n<iframe loading=\"lazy\" src=\"https:\/\/www.google.com\/maps\/embed?pb=!1m18!1m12!1m3!1d3656.9863983546693!2d-46.649023685750315!3d-23.56893198467909!2m3!1f0!2f0!3f0!3m2!1i1024!2i768!4f13.1!3m3!1m2!1s0x94ce59ac30065a55%3A0x2657e71d307919f!2sADVOGADO+CIVIL+ABN!5e0!3m2!1spt-BR!2sbr!4v1532028125465\" width=\"600\" height=\"450\" frameborder=\"0\" style=\"border:0\" allowfullscreen=\"\"><\/iframe>\n","protected":false},"excerpt":{"rendered":"<p>Miss\u00e3o do Advogado Civil &nbsp;&nbsp;&nbsp;&nbsp;&nbsp;&nbsp; O&nbsp;Advogado Civil&nbsp;\u00e9 o respons\u00e1vel por atuar nas rela\u00e7\u00f5es entre os particulares e\/ou Estado que se encontram em situa\u00e7\u00e3o de desequil\u00edbrio de condi\u00e7\u00f5es, ou seja, Um&nbsp;Advogado Civil&nbsp;atua para defender os direitos civis de seus clientes. &nbsp;&nbsp;&nbsp;&nbsp;&nbsp;&nbsp;As principais responsabilidades de um Advogado Civil s\u00e3o os de prestar consultoria jur\u00eddica, verificando neg\u00f3cios importantes &hellip; <a href=\"https:\/\/www.abn.adv.br\/noticiasjuridicas\/advogado-civil\/\" class=\"more-link\">Continue lendo <span class=\"screen-reader-text\">Advogado Civil<\/span> <span class=\"meta-nav\">&rarr;<\/span><\/a><\/p>\n","protected":false},"author":1,"featured_media":0,"parent":0,"menu_order":0,"comment_status":"closed","ping_status":"closed","template":"","meta":{"_joinchat":[],"footnotes":""},"class_list":["post-1929","page","type-page","status-publish","hentry"],"_links":{"self":[{"href":"https:\/\/www.abn.adv.br\/noticiasjuridicas\/wp-json\/wp\/v2\/pages\/1929","targetHints":{"allow":["GET"]}}],"collection":[{"href":"https:\/\/www.abn.adv.br\/noticiasjuridicas\/wp-json\/wp\/v2\/pages"}],"about":[{"href":"https:\/\/www.abn.adv.br\/noticiasjuridicas\/wp-json\/wp\/v2\/types\/page"}],"author":[{"embeddable":true,"href":"https:\/\/www.abn.adv.br\/noticiasjuridicas\/wp-json\/wp\/v2\/users\/1"}],"replies":[{"embeddable":true,"href":"https:\/\/www.abn.adv.br\/noticiasjuridicas\/wp-json\/wp\/v2\/comments?post=1929"}],"version-history":[{"count":2,"href":"https:\/\/www.abn.adv.br\/noticiasjuridicas\/wp-json\/wp\/v2\/pages\/1929\/revisions"}],"predecessor-version":[{"id":1932,"href":"https:\/\/www.abn.adv.br\/noticiasjuridicas\/wp-json\/wp\/v2\/pages\/1929\/revisions\/1932"}],"wp:attachment":[{"href":"https:\/\/www.abn.adv.br\/noticiasjuridicas\/wp-json\/wp\/v2\/media?parent=1929"}],"curies":[{"name":"wp","href":"https:\/\/api.w.org\/{rel}","templated":true}]}}