{"id":1914,"date":"2022-01-25T18:18:11","date_gmt":"2022-01-25T21:18:11","guid":{"rendered":"https:\/\/www.abn.adv.br\/noticiasjuridicas\/?page_id=1914"},"modified":"2022-03-07T00:25:00","modified_gmt":"2022-03-07T03:25:00","slug":"abn-advocacia-2","status":"publish","type":"page","link":"https:\/\/www.abn.adv.br\/noticiasjuridicas\/","title":{"rendered":"Metodologia de trabalho"},"content":{"rendered":"\n<p>&nbsp;&nbsp;&nbsp;&nbsp;&nbsp;&nbsp; Como foco no Objetivo delineado pelo cliente, estamos aptos a exercer a advocacia em harmonia com a realidade do nosso judici\u00e1rio.<\/p>\n\n\n\n<p>&nbsp;&nbsp;&nbsp;&nbsp;&nbsp;&nbsp; Atuamos no contencioso, consultivo e volunt\u00e1rio, sempre em busca de resultado positivo e pr\u00e1tico sob o ponto de vista do patrocinado.<\/p>\n\n\n\n<p>&nbsp;&nbsp;&nbsp;&nbsp;&nbsp;&nbsp; O atendimento \u00e9 personalizado, e os contatos posteriores ser\u00e3o sempre diretamente com o Advogado definido para acompanhar o processo.<\/p>\n\n\n\n<p>&nbsp;&nbsp;&nbsp;&nbsp;&nbsp;&nbsp; Antes de tudo, conv\u00e9m utilizar nossa ferramenta de&nbsp;<a href=\"http:\/\/www.abn.adv.br\/consulta.php?telefone=5511941002385\" target=\"_blank\" rel=\"noreferrer noopener\">pr\u00e9-consulta<\/a>, oportunidade que as primeiras d\u00favidas ser\u00e3o prontamente esclarecidas.<\/p>\n\n\n\n<p>&nbsp;&nbsp;&nbsp;&nbsp;&nbsp;&nbsp; Em um segundo momento ser\u00e1 realizado uma consulta pessoal, para avaliar com mais profundidade a situa\u00e7\u00e3o, promovendo o rem\u00e9dio jur\u00eddico adequado para cada caso.<\/p>\n\n\n\n<p>&nbsp;&nbsp;&nbsp;&nbsp;&nbsp;&nbsp; Ao contratar nossos servi\u00e7os jur\u00eddicos, certamente sua causa estar\u00e1 em boas m\u00e3os.<\/p>\n\n\n\n<iframe src=\"https:\/\/www.facebook.com\/plugins\/likebox.php?href=https%3A%2F%2Fwww.facebook.com%2FABNADVOCACIA&amp;width=100&amp;height=258&amp;colorscheme=light&amp;show_faces=true&amp;border_color=%23ffffff&amp;stream=false&amp;header=false\" scrolling=\"no\" frameborder=\"0\" style=\"border:none; background:#ffffff; overflow:hidden; width:100%; height:258px;\" allowtransparency=\"true\"><\/iframe>\n","protected":false},"excerpt":{"rendered":"<p>&nbsp;&nbsp;&nbsp;&nbsp;&nbsp;&nbsp; Como foco no Objetivo delineado pelo cliente, estamos aptos a exercer a advocacia em harmonia com a realidade do nosso judici\u00e1rio. &nbsp;&nbsp;&nbsp;&nbsp;&nbsp;&nbsp; Atuamos no contencioso, consultivo e volunt\u00e1rio, sempre em busca de resultado positivo e pr\u00e1tico sob o ponto de vista do patrocinado. &nbsp;&nbsp;&nbsp;&nbsp;&nbsp;&nbsp; O atendimento \u00e9 personalizado, e os contatos posteriores ser\u00e3o sempre &hellip; <a href=\"https:\/\/www.abn.adv.br\/noticiasjuridicas\/\" class=\"more-link\">Continue lendo <span class=\"screen-reader-text\">Metodologia de trabalho<\/span> <span class=\"meta-nav\">&rarr;<\/span><\/a><\/p>\n","protected":false},"author":2,"featured_media":0,"parent":0,"menu_order":0,"comment_status":"closed","ping_status":"closed","template":"","meta":{"_joinchat":[],"footnotes":""},"class_list":["post-1914","page","type-page","status-publish","hentry"],"_links":{"self":[{"href":"https:\/\/www.abn.adv.br\/noticiasjuridicas\/wp-json\/wp\/v2\/pages\/1914","targetHints":{"allow":["GET"]}}],"collection":[{"href":"https:\/\/www.abn.adv.br\/noticiasjuridicas\/wp-json\/wp\/v2\/pages"}],"about":[{"href":"https:\/\/www.abn.adv.br\/noticiasjuridicas\/wp-json\/wp\/v2\/types\/page"}],"author":[{"embeddable":true,"href":"https:\/\/www.abn.adv.br\/noticiasjuridicas\/wp-json\/wp\/v2\/users\/2"}],"replies":[{"embeddable":true,"href":"https:\/\/www.abn.adv.br\/noticiasjuridicas\/wp-json\/wp\/v2\/comments?post=1914"}],"version-history":[{"count":11,"href":"https:\/\/www.abn.adv.br\/noticiasjuridicas\/wp-json\/wp\/v2\/pages\/1914\/revisions"}],"predecessor-version":[{"id":1988,"href":"https:\/\/www.abn.adv.br\/noticiasjuridicas\/wp-json\/wp\/v2\/pages\/1914\/revisions\/1988"}],"wp:attachment":[{"href":"https:\/\/www.abn.adv.br\/noticiasjuridicas\/wp-json\/wp\/v2\/media?parent=1914"}],"curies":[{"name":"wp","href":"https:\/\/api.w.org\/{rel}","templated":true}]}}